{"id":326,"date":"2019-02-09T19:35:31","date_gmt":"2019-02-09T18:35:31","guid":{"rendered":"http:\/\/yamieux.fr\/?page_id=326"},"modified":"2022-07-17T13:35:32","modified_gmt":"2022-07-17T11:35:32","slug":"activites-hebdomadaires-de-la-fsjf","status":"publish","type":"page","link":"https:\/\/aifonline.net\/?page_id=326","title":{"rendered":"Activit\u00e9s hebdomadaires de la FSJF"},"content":{"rendered":"<div class=\"post-content\">\n<div class=\"entry-content clearfix\">\n<p><strong>Activit\u00e9s au si\u00e8ge de la F\u00e9d\u00e9ration des Soci\u00e9t\u00e9s Juives de France\u00a0 :<\/strong><\/p>\n<p>\u2022 Tournois de bridge le mardi apr\u00e8s-midi de 14h \u00e0 17\u00a0(homologu\u00e9s par la F\u00e9d\u00e9ration Fran\u00e7aise de bridge)<br \/>\n\u2022 Tournois de bridge le jeudi apr\u00e8s-midi de 14h \u00e0 17h\u00a0(homologu\u00e9s par la F\u00e9d\u00e9ration Fran\u00e7aise de bridge)<br \/>\n\u2022 Bridge pour joueurs confirm\u00e9s le mercredi matin de 10h \u00e0 12h<br \/>\n\u2022 Cours de bridge pour d\u00e9butants le lundi apr\u00e8s-midi de 14h30 \u00e0 16h30<br \/>\n\u2022 Cours d\u2019h\u00e9breu avec Elisheva le lundi \u00e0 11h et le mardi \u00e0 10h<br \/>\n\u2022 Cours de Yiddish avec Madeleine le lundi \u00e0 10h30 et le jeudi \u00e0 10h30<\/p>\n<p>Les collations (caf\u00e9, th\u00e9, g\u00e2teaux) sont offertes \u00e0 volont\u00e9.<\/p>\n<p>Renseignements au 01 44 61 29 15<br \/>\nSi\u00e8ge de la F\u00e9d\u00e9ration des Soci\u00e9t\u00e9s Juives de France, 70 rue de Turbigo, Paris 3\u00e8me.<br \/>\nM\u00b0 Temple, R\u00e9publique, Arts-et-M\u00e9tiers, bus 20, 38, 56, 75, 91<\/p>\n<\/div>\n<\/div>\n<footer class=\"entry-footer post-details\"><\/footer>\n","protected":false},"excerpt":{"rendered":"<p>Activit\u00e9s au si\u00e8ge de la F\u00e9d\u00e9ration des Soci\u00e9t\u00e9s Juives de France\u00a0 : \u2022 Tournois de bridge le mardi apr\u00e8s-midi de<\/p>\n","protected":false},"author":2,"featured_media":0,"parent":0,"menu_order":0,"comment_status":"closed","ping_status":"closed","template":"","meta":{"_mi_skip_tracking":false,"_exactmetrics_sitenote_active":false,"_exactmetrics_sitenote_note":"","_exactmetrics_sitenote_category":0,"footnotes":""},"_links":{"self":[{"href":"https:\/\/aifonline.net\/index.php?rest_route=\/wp\/v2\/pages\/326"}],"collection":[{"href":"https:\/\/aifonline.net\/index.php?rest_route=\/wp\/v2\/pages"}],"about":[{"href":"https:\/\/aifonline.net\/index.php?rest_route=\/wp\/v2\/types\/page"}],"author":[{"embeddable":true,"href":"https:\/\/aifonline.net\/index.php?rest_route=\/wp\/v2\/users\/2"}],"replies":[{"embeddable":true,"href":"https:\/\/aifonline.net\/index.php?rest_route=%2Fwp%2Fv2%2Fcomments&post=326"}],"version-history":[{"count":5,"href":"https:\/\/aifonline.net\/index.php?rest_route=\/wp\/v2\/pages\/326\/revisions"}],"predecessor-version":[{"id":3284,"href":"https:\/\/aifonline.net\/index.php?rest_route=\/wp\/v2\/pages\/326\/revisions\/3284"}],"wp:attachment":[{"href":"https:\/\/aifonline.net\/index.php?rest_route=%2Fwp%2Fv2%2Fmedia&parent=326"}],"curies":[{"name":"wp","href":"https:\/\/api.w.org\/{rel}","templated":true}]}}