{"id":400,"date":"2019-02-10T20:54:48","date_gmt":"2019-02-10T19:54:48","guid":{"rendered":"http:\/\/yamieux.fr\/?page_id=400"},"modified":"2021-03-09T20:39:21","modified_gmt":"2021-03-09T19:39:21","slug":"les-bons-recettes-de-la-cvisine-yiddish-de-mamie-golde","status":"publish","type":"page","link":"https:\/\/aifonline.net\/?page_id=400","title":{"rendered":"Les bons recettes de la cvisine Yiddish"},"content":{"rendered":"<p><img decoding=\"async\" loading=\"lazy\" class=\"wp-image-1586 size-medium aligncenter\" src=\"https:\/\/aifonline.net\/wp-content\/uploads\/2020\/12\/new-couv-Mamie-Golde-226x300.jpg\" alt=\"\" width=\"226\" height=\"300\" srcset=\"https:\/\/aifonline.net\/wp-content\/uploads\/2020\/12\/new-couv-Mamie-Golde-226x300.jpg 226w, https:\/\/aifonline.net\/wp-content\/uploads\/2020\/12\/new-couv-Mamie-Golde.jpg 500w\" sizes=\"(max-width: 226px) 100vw, 226px\" \/><\/p>\n<p style=\"text-align: center;\"><em>Les Bonnes recettes choisies de la cuisine Yiddish<\/em>, par Mamie Gold\u00e9.<br \/>\nPr\u00e9face d&#8217;Alain Gluckstein.<br \/>\n96 pages, 29 recettes + DVD 36 minutes.<\/p>\n<p>Le livre de recettes de Mamie Gold\u00e9 est un livre d&#8217;art car la cuisine est un Art. Mais la cuisine familiale de nos parents et grands-parents fait partie de l&#8217;Histoire du peuple juif. Aussi, c&#8217;est un livre d&#8217;histoire. Et lorsque cette cuisine est russe ou polonaise, ce livre devient un livre de g\u00e9ographie.<br \/>\nDu pied de veau en gel\u00e9e \u00e0 la soupe d&#8217;orge perl\u00e9e en passant par la cr\u00eape de fromage blanc \u00e0 la canelle, ces recettes sont des po\u00e8mes dont les mots sont doux comme ceux des pri\u00e8res.<br \/>\nArt, Histoire, G\u00e9ographie, Po\u00e9sie, les recettes de Mamie Gold\u00e9 ne sont-elles pas \u00e0 elles seules une encyclop\u00e9die ?<br \/>\nImagin\u00e9s au cours des hivers si rudes d&#8217;Europe de l&#8217;Est, ces plats consistants se devaient de r\u00e9chauffer le corps.<br \/>\nAujourd&#8217;hui, ils nous r\u00e9chauffent le c\u0153ur.<\/p>\n<p><strong>Alain Kaminski<\/strong><br \/>\nPr\u00e9sident des Amis Isra\u00e9lites de France<\/p>\n<hr \/>\n<h3>Commandez le livre de Mamie Gold\u00e9<\/h3>\n<p><strong>Adressez-nous :<br \/>\n<\/strong>\u2022 Un ch\u00e8que de 19 euros (participation aux frais d&#8217;\u00e9dition) \u00e0 l&#8217;ordre des Amis Isra\u00e9lites de France<br \/>\n\u2022 Sur papier libre indiquez &#8220;Les bonnes recettes choisies de la cuisine yiddish&#8221;, votre nom et adresse de livraison, ainsi que votre e-mail (pour vous informer de l&#8217;envoi).<br \/>\n\u2022 Postez le tout \u00e0 :<br \/>\nLes Amis Isra\u00e9lites de France<br \/>\n70, rue de Turbigo 75003 Paris<\/p>\n<p>Nous vous enverrons en retour par La Poste votre exemplaire du livre de Mamie Gold\u00e9, les frais de port sont offerts.<\/p>\n","protected":false},"excerpt":{"rendered":"<p>Les Bonnes recettes choisies de la cuisine Yiddish, par Mamie Gold\u00e9. Pr\u00e9face d&#8217;Alain Gluckstein. 96 pages, 29 recettes + DVD<\/p>\n","protected":false},"author":2,"featured_media":0,"parent":0,"menu_order":0,"comment_status":"closed","ping_status":"closed","template":"","meta":{"_mi_skip_tracking":false,"_exactmetrics_sitenote_active":false,"_exactmetrics_sitenote_note":"","_exactmetrics_sitenote_category":0,"footnotes":""},"_links":{"self":[{"href":"https:\/\/aifonline.net\/index.php?rest_route=\/wp\/v2\/pages\/400"}],"collection":[{"href":"https:\/\/aifonline.net\/index.php?rest_route=\/wp\/v2\/pages"}],"about":[{"href":"https:\/\/aifonline.net\/index.php?rest_route=\/wp\/v2\/types\/page"}],"author":[{"embeddable":true,"href":"https:\/\/aifonline.net\/index.php?rest_route=\/wp\/v2\/users\/2"}],"replies":[{"embeddable":true,"href":"https:\/\/aifonline.net\/index.php?rest_route=%2Fwp%2Fv2%2Fcomments&post=400"}],"version-history":[{"count":18,"href":"https:\/\/aifonline.net\/index.php?rest_route=\/wp\/v2\/pages\/400\/revisions"}],"predecessor-version":[{"id":1942,"href":"https:\/\/aifonline.net\/index.php?rest_route=\/wp\/v2\/pages\/400\/revisions\/1942"}],"wp:attachment":[{"href":"https:\/\/aifonline.net\/index.php?rest_route=%2Fwp%2Fv2%2Fmedia&parent=400"}],"curies":[{"name":"wp","href":"https:\/\/api.w.org\/{rel}","templated":true}]}}