{"id":538,"date":"2019-02-16T18:44:24","date_gmt":"2019-02-16T17:44:24","guid":{"rendered":"http:\/\/yamieux.fr\/?page_id=538"},"modified":"2025-07-15T13:46:29","modified_gmt":"2025-07-15T11:46:29","slug":"mamie-golde","status":"publish","type":"page","link":"https:\/\/aifonline.net\/?page_id=538","title":{"rendered":"Mamie Gold\u00e9"},"content":{"rendered":"<div class=\"wp-block-image\">\n<figure class=\"aligncenter size-full\"><img decoding=\"async\" loading=\"lazy\" width=\"157\" height=\"183\" src=\"https:\/\/aifonline.net\/wp-content\/uploads\/2020\/06\/mamie_golde.jpg\" alt=\"\" class=\"wp-image-1178\"\/><figcaption class=\"wp-element-caption\">Chaja Golda Rozen<\/figcaption><\/figure><\/div>\n\n<p>Madame Chaja Golda ROZEN n\u00e9e LIWSZYC dite Mamie Gold\u00e9.<br \/>N\u00e9e le 27 janvier 1917 \u00e0 Pinsk (Russie).<br \/>Membre de la Soci\u00e9t\u00e9 Mutualiste &#8220;Amis Isra\u00e9lites de France&#8221; depuis de nombreuses ann\u00e9es.<br \/>Elle a v\u00e9cu \u00e0 Paris dans le XVIII\u00e8me et dans le III\u00e8me arrondissement de 1936 \u00e0 1985. En 1985 elle habite Vincennes.<br \/>Responsable de la rubrique culinaire du bulletin des Amis Isra\u00e9lites de France, bimestriel publi\u00e9 \u00e0 5000 exemplaires, et lu par plus de 20.000 personnes.<br \/>La Soci\u00e9t\u00e9 Mutualiste &#8220;Amis Isra\u00e9lites de France&#8221; re\u00e7oit r\u00e9guli\u00e8rement des lettres de f\u00e9licitations venant de la France enti\u00e8re pour le &#8220;go\u00fbt&#8221; bien particulier qui \u00e9mane de sa plume, une plume qui nous transmet le &#8220;nec plus ultra&#8221; de la culture yiddish.<br \/>Ces recettes ont su traverser les fronti\u00e8res puisque de nombreux soci\u00e9taires et amis les ont retrouv\u00e9es en Belgique, en Suisse, en Angleterre, en Isra\u00ebl et aux Etats-Unis.<br \/>Madame Rozen \u00e9tait plus que jamais une personnalit\u00e9 incontournable de la communaut\u00e9 ashk\u00e9naze.<br \/>Elle \u00e9crivit par ailleurs de nombreux po\u00e8mes, et s&#8217;attela \u00e0 une autobiographie, rest\u00e9e inachev\u00e9e.<br \/>Elle a \u00e9t\u00e9 d\u00e9cor\u00e9e par le Maire de Paris qui lui remit la M\u00e9daille d&#8217;argent de la Ville de Paris.<br \/>Mamie Gold\u00e9 s&#8217;est \u00e9teinte entour\u00e9e des siens le 15 octobre 2000.<\/p>","protected":false},"excerpt":{"rendered":"<p>Madame Chaja Golda ROZEN n\u00e9e LIWSZYC dite Mamie Gold\u00e9.N\u00e9e le 27 janvier 1917 \u00e0 Pinsk (Russie).Membre de la Soci\u00e9t\u00e9 Mutualiste<\/p>\n","protected":false},"author":2,"featured_media":0,"parent":0,"menu_order":0,"comment_status":"closed","ping_status":"closed","template":"","meta":{"_mi_skip_tracking":false,"_exactmetrics_sitenote_active":false,"_exactmetrics_sitenote_note":"","_exactmetrics_sitenote_category":0,"footnotes":""},"_links":{"self":[{"href":"https:\/\/aifonline.net\/index.php?rest_route=\/wp\/v2\/pages\/538"}],"collection":[{"href":"https:\/\/aifonline.net\/index.php?rest_route=\/wp\/v2\/pages"}],"about":[{"href":"https:\/\/aifonline.net\/index.php?rest_route=\/wp\/v2\/types\/page"}],"author":[{"embeddable":true,"href":"https:\/\/aifonline.net\/index.php?rest_route=\/wp\/v2\/users\/2"}],"replies":[{"embeddable":true,"href":"https:\/\/aifonline.net\/index.php?rest_route=%2Fwp%2Fv2%2Fcomments&post=538"}],"version-history":[{"count":4,"href":"https:\/\/aifonline.net\/index.php?rest_route=\/wp\/v2\/pages\/538\/revisions"}],"predecessor-version":[{"id":6944,"href":"https:\/\/aifonline.net\/index.php?rest_route=\/wp\/v2\/pages\/538\/revisions\/6944"}],"wp:attachment":[{"href":"https:\/\/aifonline.net\/index.php?rest_route=%2Fwp%2Fv2%2Fmedia&parent=538"}],"curies":[{"name":"wp","href":"https:\/\/api.w.org\/{rel}","templated":true}]}}