{"id":956,"date":"2020-03-10T19:01:17","date_gmt":"2020-03-10T18:01:17","guid":{"rendered":"http:\/\/aifonline.net\/?page_id=956"},"modified":"2020-06-29T18:22:25","modified_gmt":"2020-06-29T16:22:25","slug":"les-aif-sauvegardent-la-memoire-des-societes-juives","status":"publish","type":"page","link":"https:\/\/aifonline.net\/?page_id=956","title":{"rendered":"Les AIF sauvegardent la M\u00e9moire des Soci\u00e9t\u00e9s juives"},"content":{"rendered":"<div>De nombreuses petites soci\u00e9t\u00e9s mutualistes juives compos\u00e9es d&#8217;originaires d&#8217;Europe de l&#8217;Est ayant \u00e9prouv\u00e9 des difficult\u00e9s pour p\u00e9renniser leur existence et sauvegarder leur identit\u00e9, leurs adh\u00e9rents ont rejoint les <b>Amis isra\u00e9lites de France <\/b>qui sauvegardera la M\u00e9moire et le patrimoine de ces petites soci\u00e9t\u00e9s.<\/div>\n<div><b>Isra\u00e9lites de Paris et la Solidarit\u00e9<\/b> issus de la fusion entre les Isra\u00e9lites de Paris et la Solidarit\u00e9<\/div>\n<div><b>Pr\u00e9voyance et Fraternit\u00e9<\/b> issue de la fusion entre <strong>Les Enfants de la Pr\u00e9voyance Internationale<\/strong> et <strong>La Fraternit\u00e9 Universelle<\/strong>, de la fusion entre<b> les Enfants d&#8217;Autriche<\/b> et <b>l&#8217;Amicale des Originaires de Roumanie dite A.O.R<\/b><\/div>\n<div><b>Zikhron Isra\u00ebl<\/b> issus de la fusion entre Zikhron Isra\u00ebl et<b> la Loi de Mo\u00efse<\/b><\/div>\n<div><b>Miedzyrszlerc Podlarski Vohyn et les environs<\/b><\/div>\n<div><b>Souvenir d&#8217;Isaac<\/b><\/div>\n<div><b>V\u00e9rit\u00e9 et Gr\u00e2ce<\/b><\/div>\n<div><b>L&#8217;amicale des Galiciens en France<\/b> , issue de l&#8217;Amicale des Galiciens et les Galiciens de l&#8217;Est.<\/div>\n<div><b>Amicale des Originaires de Kutno et les environs<\/b><\/div>\n<div><b>Amicale d&#8217;Ozarow et les environs<br \/>\nLa Renaissance<\/b><\/div>\n","protected":false},"excerpt":{"rendered":"<p>De nombreuses petites soci\u00e9t\u00e9s mutualistes juives compos\u00e9es d&#8217;originaires d&#8217;Europe de l&#8217;Est ayant \u00e9prouv\u00e9 des difficult\u00e9s pour p\u00e9renniser leur existence et<\/p>\n","protected":false},"author":1,"featured_media":0,"parent":0,"menu_order":0,"comment_status":"closed","ping_status":"closed","template":"","meta":{"_mi_skip_tracking":false,"_exactmetrics_sitenote_active":false,"_exactmetrics_sitenote_note":"","_exactmetrics_sitenote_category":0,"footnotes":""},"_links":{"self":[{"href":"https:\/\/aifonline.net\/index.php?rest_route=\/wp\/v2\/pages\/956"}],"collection":[{"href":"https:\/\/aifonline.net\/index.php?rest_route=\/wp\/v2\/pages"}],"about":[{"href":"https:\/\/aifonline.net\/index.php?rest_route=\/wp\/v2\/types\/page"}],"author":[{"embeddable":true,"href":"https:\/\/aifonline.net\/index.php?rest_route=\/wp\/v2\/users\/1"}],"replies":[{"embeddable":true,"href":"https:\/\/aifonline.net\/index.php?rest_route=%2Fwp%2Fv2%2Fcomments&post=956"}],"version-history":[{"count":5,"href":"https:\/\/aifonline.net\/index.php?rest_route=\/wp\/v2\/pages\/956\/revisions"}],"predecessor-version":[{"id":1204,"href":"https:\/\/aifonline.net\/index.php?rest_route=\/wp\/v2\/pages\/956\/revisions\/1204"}],"wp:attachment":[{"href":"https:\/\/aifonline.net\/index.php?rest_route=%2Fwp%2Fv2%2Fmedia&parent=956"}],"curies":[{"name":"wp","href":"https:\/\/api.w.org\/{rel}","templated":true}]}}